{"id":242,"date":"2022-02-23T16:55:48","date_gmt":"2022-02-23T16:55:48","guid":{"rendered":"https:\/\/arnold-kommunikation.de\/?page_id=242"},"modified":"2026-01-19T17:49:44","modified_gmt":"2026-01-19T17:49:44","slug":"dauer-kosten","status":"publish","type":"page","link":"https:\/\/arnold-kommunikation.de\/en\/dauer-kosten\/","title":{"rendered":"Place, Duration &amp; Costs"},"content":{"rendered":"\n<p class=\"has-medium-font-size\"><strong>ORT<\/strong><\/p>\n\n\n\n<p>Sowohl Mediationen als auch Einzelberatungen k\u00f6nnen <strong>in Person<\/strong> in Berlin oder je nach individueller Absprache auch woanders durchgef\u00fchrt werden.<\/p>\n\n\n\n<p>Nat\u00fcrlich k\u00f6nnen die Sitzungen aber auch <strong>online<\/strong> oder als (telefonische) Einzelgespr\u00e4che (sogenannte &#8222;Shuttle-Mediation&#8220;) stattfinden.<\/p>\n\n\n\n<p><br><br><\/p>\n\n\n\n<p><\/p>\n\n\n\n<p><\/p>\n\n\n\n<p class=\"has-medium-font-size\"><strong>DAUER<\/strong><\/p>\n\n\n\n<p><strong>Mediation<\/strong><\/p>\n\n\n\n<p>Wie viele Sitzungen f\u00fcr eine Mediation n\u00f6tig sind, ist seri\u00f6s nicht vorab zu sagen. Die Dauer h\u00e4ngt von dem Umfang und der Komplexit\u00e4t des Einzelfalls sowie der Bereitschaft zur Konfliktbearbeitung und L\u00f6sungsfindung der Konfliktparteien ab.<\/p>\n\n\n\n<p>Als Dauer einer einzelnen Sitzung haben sich 1-2 Stunden bew\u00e4hrt.<br><br>Sollte es gew\u00fcnscht sein, k\u00f6nnen auch maximal zwei Sitzungen an einem Tag stattfinden. In den einzelnen Sitzungen gibt es je nach Bedarf und L\u00e4nge der Sitzung nat\u00fcrlich auch Pausen.<\/p>\n\n\n\n<p><br><\/p>\n\n\n\n<p><strong>Einzelberatung<\/strong><\/p>\n\n\n\n<p>Einzelberatungen k\u00f6nnen als einmalig stattfindendender Termin oder als Temin mit Fortsetzungsterminen stattfinden.<br>Die Anzahl der Sitzungen richtet sich nach den Bed\u00fcrfnissen der anfragenden Person.<\/p>\n\n\n\n<p>Ein einzelner Termin dauert \u00fcblicherweise eine Stunden.<\/p>\n\n\n\n<p><br><br><\/p>\n\n\n\n<p><\/p>\n\n\n\n<p class=\"has-medium-font-size\"><strong>KOSTEN<\/strong><\/p>\n\n\n\n<p><strong>Mediation<\/strong><\/p>\n\n\n\n<p>Ich arbeite f\u00fcr einen festen Stunden- oder (Halb-)Tagessatz, den ich Ihnen gerne im pers\u00f6nlichen Gespr\u00e4ch nenne.<br>Die H\u00f6he dieses Satzes h\u00e4ngt zum einen von dem jeweiligen Bereich ab, in dem sich der Konflikt abspielt. Zum anderen richtet er sich nach der finanziellen Situation der anfragenden Personen. \u00dcblicherweise werden die Kosten unter den beteiligten Personen aufgeteilt.<br>Gegebenenfalls anfallende Raummiete kommt auf die Kosten drauf.<br>Sollten mir Kosten durch Fahrten und Unterbringung entstehen, so sind auch diese von den Konfliktparteien zu tragen.<br>Unabh\u00e4ngig von der Anzahl der Sitzungen wird nach Abschluss der letzten Sitzung einer Mediation pauschal eine Stunde Arbeitszeit f\u00fcr die anfallende Vor- und Nachbereitung sowie f\u00fcr genutzte Materialien in Rechnung gestellt. <\/p>\n\n\n\n<p><\/p>\n\n\n\n<p><br><\/p>\n\n\n\n<p><strong>Einzelberatung<\/strong><\/p>\n\n\n\n<p>Auch im Rahmen der Einzelberatung arbeite ich f\u00fcr einen festen Stundensatz, den ich Ihnen gerne im pers\u00f6nlichen Gespr\u00e4ch nenne.<br>Die H\u00f6he dieses Satzes richtet sich nach der finanziellen Situation der anfragenden Person. <br>Gegebenenfalls anfallende Raummiete kommt auf die Kosten drauf.<br>Sollten mir Kosten durch Fahrten und Unterbringung entstehen, so sind auch diese zu tragen.<br>Unabh\u00e4ngig von der Anzahl der Sitzungen wird nach Abschluss der letzten Sitzung einer Einzelberatung pauschal eine Stunde Arbeitszeit f\u00fcr die anfallende Vor- und Nachbereitung sowie f\u00fcr genutzte Materialien in Rechnung gestellt. <\/p>\n\n\n\n<p><br><\/p>\n\n\n\n<p><br><strong>Erstgespr\u00e4ch<\/strong><br><br>Das telefonisch stattfindende Erstgespr\u00e4ch bei Interesse f\u00fcr eine Mediation oder eine Einzelberatung ist <strong>v\u00f6llig unverbindlich und kostenfrei!<\/strong><\/p>\n\n\n\n<p><\/p>\n\n\n\n<p><\/p>\n\n\n\n<p>Schreiben Sie mir gerne eine Email, um ein <strong>kostenfreies und unverbindliches, telefonisches Erstgespr\u00e4ch <\/strong>zu f\u00fchren an<\/p>\n\n\n\n<p class=\"has-text-align-center\"><strong>mail <strong>[at]<\/strong><\/strong> <strong>arnold-kommunikation.de<\/strong><\/p>\n","protected":false},"excerpt":{"rendered":"<p>ORT Sowohl Mediationen als auch Einzelberatungen k\u00f6nnen in Person in Berlin oder je nach individueller Absprache auch woanders durchgef\u00fchrt werden. Nat\u00fcrlich k\u00f6nnen die Sitzungen aber auch online oder als (telefonische) &hellip; <\/p>\n<p class=\"link-more\"><a href=\"https:\/\/arnold-kommunikation.de\/en\/dauer-kosten\/\" class=\"more-link\">Continue reading<span class=\"screen-reader-text\"> &#8222;Ort, Dauer &#038; Kosten&#8220;<\/span><\/a><\/p>","protected":false},"author":1,"featured_media":0,"parent":0,"menu_order":0,"comment_status":"closed","ping_status":"closed","template":"","meta":{"footnotes":""},"class_list":["post-242","page","type-page","status-publish","hentry"],"_links":{"self":[{"href":"https:\/\/arnold-kommunikation.de\/en\/wp-json\/wp\/v2\/pages\/242","targetHints":{"allow":["GET"]}}],"collection":[{"href":"https:\/\/arnold-kommunikation.de\/en\/wp-json\/wp\/v2\/pages"}],"about":[{"href":"https:\/\/arnold-kommunikation.de\/en\/wp-json\/wp\/v2\/types\/page"}],"author":[{"embeddable":true,"href":"https:\/\/arnold-kommunikation.de\/en\/wp-json\/wp\/v2\/users\/1"}],"replies":[{"embeddable":true,"href":"https:\/\/arnold-kommunikation.de\/en\/wp-json\/wp\/v2\/comments?post=242"}],"version-history":[{"count":33,"href":"https:\/\/arnold-kommunikation.de\/en\/wp-json\/wp\/v2\/pages\/242\/revisions"}],"predecessor-version":[{"id":639,"href":"https:\/\/arnold-kommunikation.de\/en\/wp-json\/wp\/v2\/pages\/242\/revisions\/639"}],"wp:attachment":[{"href":"https:\/\/arnold-kommunikation.de\/en\/wp-json\/wp\/v2\/media?parent=242"}],"curies":[{"name":"wp","href":"https:\/\/api.w.org\/{rel}","templated":true}]}}