{"id":408,"date":"2022-04-06T14:42:15","date_gmt":"2022-04-06T14:42:15","guid":{"rendered":"https:\/\/arnold-kommunikation.de\/?page_id=408"},"modified":"2026-01-19T17:48:40","modified_gmt":"2026-01-19T17:48:40","slug":"mediation","status":"publish","type":"page","link":"https:\/\/arnold-kommunikation.de\/en\/mediation\/","title":{"rendered":"Mediation"},"content":{"rendered":"\n<p>Das Verfahren der <strong>Mediation<\/strong> bietet Ihnen &#8211; egal ob im privaten oder beruflichen Kontext &#8211; die M\u00f6glichkeit, einen Konflikt auf eine strukturierte Art und Weise au\u00dferhalb des Gerichts zu kl\u00e4ren.<\/p>\n\n\n\n<p>In der Mediation erarbeiten die Konfliktparteien <strong>freiwillig<\/strong> und <strong>eigenverantwortlich<\/strong> unter der Anleitung eines <strong>neutralen<\/strong>, <strong>allparteilichen Mediators<\/strong> in einem <strong>vertraulichen Setting<\/strong> <strong>einvernehmliche L\u00f6sungen<\/strong> zu ihrem Konflikt.<\/p>\n\n\n\n<p>W\u00e4hrend der*die Mediator*in f\u00fcr das Verfahren und die Struktur verantwortlich ist, sind die Konfliktparteien f\u00fcr die eingebrachten Inhalte und die getroffenen Vereinbarungen sowie deren Umsetzung verantwortlich.<\/p>\n\n\n\n<p>Die L\u00f6sungen orientieren sich dabei an den Bed\u00fcrfnissen und Interessen aller Beteiligten und kommen nur dann zustande, wenn alle Beteiligte diese als gerecht empfinden und ihnen zustimmen. Dadurch sind Mediationsvereinabarungen besonders nachhaltig und lang anhaltend<\/p>\n\n\n\n<p><\/p>\n\n\n\n<div class=\"wp-block-stackable-text stk-block-text stk-block stk-c997eb0\" data-block-id=\"c997eb0\"><p class=\"stk-block-text__text\"><em><strong>Warum Mediation<\/strong><\/em><strong><em>?<\/em> <\/strong><br>Selbst komplexeste Konflikte k\u00f6nnen durch eine Mediation h\u00e4ufig bereits nach wenigen Sitzungen beiglegt werden. Dadurch sparen sich die Beteiligten nicht nur Zeit und Stress, sondern auch Geld.<br>Zudem f\u00fchrt eine Mediation zu Handlungsf\u00e4higkeit statt zu Ohnmacht bei den Beteiligten.<br>Denn in einem Mediationsverfahren bleiben die Konfliktparteien die Handelnden und behalten die Kontrolle \u00fcber ihren Konflikt und die L\u00f6sungen in den eigenen H\u00e4nden.<\/p><\/div>\n\n\n\n<p><\/p>\n\n\n\n<div class=\"wp-block-stackable-text stk-block-text stk-block stk-4510681\" data-block-id=\"4510681\"><p class=\"stk-block-text__text\"><em><strong>Wann Mediation? <\/strong><\/em><br>Eine Mediation bietet sich zur Konfliktbearbeitung vor allem dann an, wenn die Konfliktparteien auch in Zukunft darauf angewiesen sind, entweder gut mit einander zu kooperieren oder zumindest mit einander auszukommen.<\/p><\/div>\n\n\n\n<p><\/p>\n\n\n\n<p><strong>Als zertifizierter Mediator unterst\u00fctze ich Sie gerne dabei, dass Sie zu einer konstruktiven L\u00f6sung in Ihrem Konflikt gelangen<\/strong>.<\/p>\n\n\n\n<p>Schreiben Sie mir sehr gerne eine Email, um ein kostenfreies und unverbindliches, telefonisches Erstgespr\u00e4ch zu f\u00fchren an<\/p>\n\n\n\n<p class=\"has-text-align-center\"><strong>mail <strong>[at]<\/strong><\/strong> <strong>arnold-kommunikation.de<\/strong><\/p>\n","protected":false},"excerpt":{"rendered":"<p>Das Verfahren der Mediation bietet Ihnen &#8211; egal ob im privaten oder beruflichen Kontext &#8211; die M\u00f6glichkeit, einen Konflikt auf eine strukturierte Art und Weise au\u00dferhalb des Gerichts zu kl\u00e4ren. &hellip; <\/p>\n<p class=\"link-more\"><a href=\"https:\/\/arnold-kommunikation.de\/en\/mediation\/\" class=\"more-link\">Continue reading<span class=\"screen-reader-text\"> &#8222;Mediation&#8220;<\/span><\/a><\/p>","protected":false},"author":1,"featured_media":0,"parent":0,"menu_order":0,"comment_status":"closed","ping_status":"closed","template":"","meta":{"footnotes":""},"class_list":["post-408","page","type-page","status-publish","hentry"],"_links":{"self":[{"href":"https:\/\/arnold-kommunikation.de\/en\/wp-json\/wp\/v2\/pages\/408","targetHints":{"allow":["GET"]}}],"collection":[{"href":"https:\/\/arnold-kommunikation.de\/en\/wp-json\/wp\/v2\/pages"}],"about":[{"href":"https:\/\/arnold-kommunikation.de\/en\/wp-json\/wp\/v2\/types\/page"}],"author":[{"embeddable":true,"href":"https:\/\/arnold-kommunikation.de\/en\/wp-json\/wp\/v2\/users\/1"}],"replies":[{"embeddable":true,"href":"https:\/\/arnold-kommunikation.de\/en\/wp-json\/wp\/v2\/comments?post=408"}],"version-history":[{"count":18,"href":"https:\/\/arnold-kommunikation.de\/en\/wp-json\/wp\/v2\/pages\/408\/revisions"}],"predecessor-version":[{"id":638,"href":"https:\/\/arnold-kommunikation.de\/en\/wp-json\/wp\/v2\/pages\/408\/revisions\/638"}],"wp:attachment":[{"href":"https:\/\/arnold-kommunikation.de\/en\/wp-json\/wp\/v2\/media?parent=408"}],"curies":[{"name":"wp","href":"https:\/\/api.w.org\/{rel}","templated":true}]}}