{"id":410,"date":"2022-04-06T14:44:24","date_gmt":"2022-04-06T14:44:24","guid":{"rendered":"https:\/\/arnold-kommunikation.de\/?page_id=410"},"modified":"2026-01-19T17:45:38","modified_gmt":"2026-01-19T17:45:38","slug":"410-2","status":"publish","type":"page","link":"https:\/\/arnold-kommunikation.de\/en\/410-2\/","title":{"rendered":"Counseling"},"content":{"rendered":"\n<p><\/p>\n\n\n\n<div class=\"wp-block-stackable-text stk-block-text stk-block stk-a4e09b4\" data-block-id=\"a4e09b4\"><p class=\"stk-block-text__text\">Der Schwerpunkt meiner beratenden T\u00e4tigkeit liegt auf der <strong>Konfliktberatung<\/strong>. <\/p><\/div>\n\n\n\n<div class=\"wp-block-stackable-text stk-block-text stk-block stk-2442566\" data-block-id=\"2442566\"><p class=\"stk-block-text__text\">Eine Konfliktberatung bietet sich insbesondere f\u00fcr Personen an, die sich in Konfliktsituationen befinden oder solchen vorbeugen m\u00f6chten &#8211; egal ob im privaten oder beruflichen Kontext. <\/p><\/div>\n\n\n\n<div class=\"wp-block-stackable-text stk-block-text stk-block stk-83c143f\" data-block-id=\"83c143f\"><p class=\"stk-block-text__text\">Gerade dann, wenn die Gegenseite nicht gewillt ist, den Konflikt mit zu bearbeiten (z.B. im Rahmen einer Mediation), man aber trotzdem f\u00fcr sich selbst weiterkommen und Handlungsm\u00f6glichkeiten entwickeln m\u00f6chte, kann eine Konfliktberatung zielf\u00fchrende Orientierung bieten. <\/p><\/div>\n\n\n\n<p>Lassen Sie uns \u00fcber Ihre pers\u00f6nliche Situation, die damit einhergehenden Herausforderungen und<strong> m\u00f6gliche Handlungsoptionen<\/strong> im Rahmen einer strukturierten Einzelberatung sprechen.<\/p>\n\n\n\n<p class=\"has-small-font-size\"><em>Aus Gr\u00fcnden der Unparteilichkeit sind Einzelberatungen f\u00fcr Personen ausgeschlossen, die in einer aktuell stattfindenden Mediation beteiligt sind, in welcher ich als Mediator t\u00e4tig bin.<\/em><\/p>\n\n\n\n<p>Schreiben Sie mir sehr gerne eine Email, um ein kostenfreies und unverbindliches, telefonisches Erstgespr\u00e4ch zu f\u00fchren an<\/p>\n\n\n\n<p class=\"has-text-align-center\"><strong>mail<strong> [at]<\/strong><\/strong> <strong>arnold-kommunikation.de<\/strong><\/p>\n\n\n\n<p><\/p>\n","protected":false},"excerpt":{"rendered":"<p>Der Schwerpunkt meiner beratenden T\u00e4tigkeit liegt auf der Konfliktberatung. Eine Konfliktberatung bietet sich insbesondere f\u00fcr Personen an, die sich in Konfliktsituationen befinden oder solchen vorbeugen m\u00f6chten &#8211; egal ob im &hellip; <\/p>\n<p class=\"link-more\"><a href=\"https:\/\/arnold-kommunikation.de\/en\/410-2\/\" class=\"more-link\">Continue reading<span class=\"screen-reader-text\"> &#8222;Einzelberatung&#8220;<\/span><\/a><\/p>","protected":false},"author":1,"featured_media":0,"parent":0,"menu_order":0,"comment_status":"closed","ping_status":"closed","template":"","meta":{"footnotes":""},"class_list":["post-410","page","type-page","status-publish","hentry"],"_links":{"self":[{"href":"https:\/\/arnold-kommunikation.de\/en\/wp-json\/wp\/v2\/pages\/410","targetHints":{"allow":["GET"]}}],"collection":[{"href":"https:\/\/arnold-kommunikation.de\/en\/wp-json\/wp\/v2\/pages"}],"about":[{"href":"https:\/\/arnold-kommunikation.de\/en\/wp-json\/wp\/v2\/types\/page"}],"author":[{"embeddable":true,"href":"https:\/\/arnold-kommunikation.de\/en\/wp-json\/wp\/v2\/users\/1"}],"replies":[{"embeddable":true,"href":"https:\/\/arnold-kommunikation.de\/en\/wp-json\/wp\/v2\/comments?post=410"}],"version-history":[{"count":30,"href":"https:\/\/arnold-kommunikation.de\/en\/wp-json\/wp\/v2\/pages\/410\/revisions"}],"predecessor-version":[{"id":635,"href":"https:\/\/arnold-kommunikation.de\/en\/wp-json\/wp\/v2\/pages\/410\/revisions\/635"}],"wp:attachment":[{"href":"https:\/\/arnold-kommunikation.de\/en\/wp-json\/wp\/v2\/media?parent=410"}],"curies":[{"name":"wp","href":"https:\/\/api.w.org\/{rel}","templated":true}]}}