{"id":486,"date":"2022-07-19T05:45:22","date_gmt":"2022-07-19T05:45:22","guid":{"rendered":"https:\/\/arnold-kommunikation.de\/?page_id=486"},"modified":"2026-01-19T18:14:57","modified_gmt":"2026-01-19T18:14:57","slug":"wer-ich-bin","status":"publish","type":"page","link":"https:\/\/arnold-kommunikation.de\/en\/wer-ich-bin\/","title":{"rendered":"About me"},"content":{"rendered":"<div class=\"wp-block-image is-style-rounded\">\n<figure class=\"alignright size-full is-resized\"><img loading=\"lazy\" decoding=\"async\" width=\"311\" height=\"326\" src=\"https:\/\/arnold-kommunikation.de\/wp-content\/uploads\/2026\/01\/Screenshot-FOTO-ARAG3.png\" alt=\"\" class=\"wp-image-648\" style=\"aspect-ratio:1;width:252px;height:auto\" srcset=\"https:\/\/arnold-kommunikation.de\/wp-content\/uploads\/2026\/01\/Screenshot-FOTO-ARAG3.png 311w, https:\/\/arnold-kommunikation.de\/wp-content\/uploads\/2026\/01\/Screenshot-FOTO-ARAG3-286x300.png 286w, https:\/\/arnold-kommunikation.de\/wp-content\/uploads\/2026\/01\/Screenshot-FOTO-ARAG3-11x12.png 11w\" sizes=\"auto, (max-width: 311px) 100vw, 311px\" \/><\/figure>\n<\/div>\n\n\n<p>Mein Name ist <strong>Balthasar Arnold<\/strong>. Ich bin 34 Jahre alt, ich lebe in Berlin und bin <strong>zertifizierter Mediator, Konfliktberater und Jurist<\/strong>.<\/p>\n\n\n\n<p>Bereits in <strong>mehr als 500 F\u00e4llen<\/strong> konnte ich Konfliktparteien dabei unterst\u00fctzen, konstruktive L\u00f6sungen zu ihren Konflikten zu erarbeiten.<\/p>\n\n\n\n<p>Mediationen f\u00fchre ich als Pr\u00e4senz-, Shuttle- und Online-Mediationen bundesweit und auf Deutsch und Englisch durch. <\/p>\n\n\n\n<p>Gerne unterst\u00fctze ich auch Sie dabei, dass Sie durch das Mediationsverfahren zu einer L\u00f6sung in Ihrem Konflikt gelangen, die es Ihnen erm\u00f6glicht, wieder Klarheit zu bekommen.<br><br>Ich freue mich auf Ihre Nachricht an <strong>mail <strong>[at]<\/strong><\/strong> <strong>arnold-kommunikation.de<\/strong><\/p>\n","protected":false},"excerpt":{"rendered":"<p>Mein Name ist Balthasar Arnold. Ich bin 34 Jahre alt, ich lebe in Berlin und bin zertifizierter Mediator, Konfliktberater und Jurist. Bereits in mehr als 500 F\u00e4llen konnte ich Konfliktparteien &hellip; <\/p>\n<p class=\"link-more\"><a href=\"https:\/\/arnold-kommunikation.de\/en\/wer-ich-bin\/\" class=\"more-link\">Continue reading<span class=\"screen-reader-text\"> &#8222;Wer ich bin?&#8220;<\/span><\/a><\/p>","protected":false},"author":1,"featured_media":172,"parent":0,"menu_order":0,"comment_status":"closed","ping_status":"closed","template":"","meta":{"footnotes":""},"class_list":["post-486","page","type-page","status-publish","has-post-thumbnail","hentry"],"_links":{"self":[{"href":"https:\/\/arnold-kommunikation.de\/en\/wp-json\/wp\/v2\/pages\/486","targetHints":{"allow":["GET"]}}],"collection":[{"href":"https:\/\/arnold-kommunikation.de\/en\/wp-json\/wp\/v2\/pages"}],"about":[{"href":"https:\/\/arnold-kommunikation.de\/en\/wp-json\/wp\/v2\/types\/page"}],"author":[{"embeddable":true,"href":"https:\/\/arnold-kommunikation.de\/en\/wp-json\/wp\/v2\/users\/1"}],"replies":[{"embeddable":true,"href":"https:\/\/arnold-kommunikation.de\/en\/wp-json\/wp\/v2\/comments?post=486"}],"version-history":[{"count":20,"href":"https:\/\/arnold-kommunikation.de\/en\/wp-json\/wp\/v2\/pages\/486\/revisions"}],"predecessor-version":[{"id":651,"href":"https:\/\/arnold-kommunikation.de\/en\/wp-json\/wp\/v2\/pages\/486\/revisions\/651"}],"wp:featuredmedia":[{"embeddable":true,"href":"https:\/\/arnold-kommunikation.de\/en\/wp-json\/wp\/v2\/media\/172"}],"wp:attachment":[{"href":"https:\/\/arnold-kommunikation.de\/en\/wp-json\/wp\/v2\/media?parent=486"}],"curies":[{"name":"wp","href":"https:\/\/api.w.org\/{rel}","templated":true}]}}