{"id":59,"date":"2022-02-14T21:48:39","date_gmt":"2022-02-14T21:48:39","guid":{"rendered":"https:\/\/arnold-kommunikation.de\/?page_id=59"},"modified":"2026-01-19T18:28:06","modified_gmt":"2026-01-19T18:28:06","slug":"uebermich","status":"publish","type":"page","link":"https:\/\/arnold-kommunikation.de\/en\/uebermich\/","title":{"rendered":"About me"},"content":{"rendered":"\n<p>Mein Name ist Balthasar Arnold. Ich bin 34 Jahre alt, lebe in Berlin und bin zertifizierter Mediator, Konfliktberater sowie Jurist.<\/p>\n\n\n\n<p>Als Mediator konnte ich in bereits mehr als 500 F\u00e4llen aus dem privaten Bereich (z.B. Familie, Beziehungen, Nachbarschaft, Vereine) sowie wirtschaftlichen Bereich (z.B. innerbetriebliche Konflikte, Konflikte zwischen Unternehemn) vermittelnd t\u00e4tig werden.<\/p>\n\n\n\n<p>Ich verpflichte ich mich zur Unabh\u00e4ngigkeit, Allparteilichkeit und Vertraulichkeit und bekenne mich zum Europ\u00e4ischen Verhaltenskodex f\u00fcr Mediator*innen. Zu meinem Selbstverst\u00e4ndnis als zertifizierter Mediator geh\u00f6ren au\u00dferdem regelm\u00e4\u00dfige Selbstreflexionen (Intervision und Supervision) sowie kontinuierliche Fortbildungen.<\/p>\n\n\n\n<p>Als Crossborder Family Mediator (MIKK-Fortbildung 2021) und in Berlin lebender, offener Mensch lege ich besonderen Wert auf die Ber\u00fccksichtigung von interkulturellen Aspekten und eine pluralit\u00e4ts- und diversit\u00e4tssensible Arbeitsweise. <\/p>\n\n\n\n<p>Mediationen f\u00fchre ich als <strong>Pr\u00e4senz-, Shuttle- und Online-Mediationen<\/strong> bundesweit und auf Deutsch und Englisch durch. <\/p>\n\n\n\n<p>Kontaktieren Sie mich sehr gerne per Email an<\/p>\n\n\n\n<p class=\"has-text-align-center\"><strong>mail <strong>[at]<\/strong><\/strong> <strong>arnold-kommunikation.de<\/strong><\/p>\n\n\n\n<div class=\"wp-block-media-text is-stacked-on-mobile has-background\" style=\"background-color:#b9b1a8;grid-template-columns:35% auto\"><figure class=\"wp-block-media-text__media\"><img loading=\"lazy\" decoding=\"async\" width=\"403\" height=\"431\" src=\"https:\/\/arnold-kommunikation.de\/wp-content\/uploads\/2026\/01\/Screenshot-FOTO-ARAG2-2.png\" alt=\"\" class=\"wp-image-665 size-full\" srcset=\"https:\/\/arnold-kommunikation.de\/wp-content\/uploads\/2026\/01\/Screenshot-FOTO-ARAG2-2.png 403w, https:\/\/arnold-kommunikation.de\/wp-content\/uploads\/2026\/01\/Screenshot-FOTO-ARAG2-2-281x300.png 281w, https:\/\/arnold-kommunikation.de\/wp-content\/uploads\/2026\/01\/Screenshot-FOTO-ARAG2-2-11x12.png 11w\" sizes=\"auto, (max-width: 403px) 100vw, 403px\" \/><\/figure><div class=\"wp-block-media-text__content\">\n<p class=\"has-text-align-center has-large-font-size\"><\/p>\n<\/div><\/div>\n\n\n\n<p><\/p>\n","protected":false},"excerpt":{"rendered":"<p>Mein Name ist Balthasar Arnold. Ich bin 34 Jahre alt, lebe in Berlin und bin zertifizierter Mediator, Konfliktberater sowie Jurist. Als Mediator konnte ich in bereits mehr als 500 F\u00e4llen &hellip; <\/p>\n<p class=\"link-more\"><a href=\"https:\/\/arnold-kommunikation.de\/en\/uebermich\/\" class=\"more-link\">Continue reading<span class=\"screen-reader-text\"> &#8222;\u00dcber mich&#8220;<\/span><\/a><\/p>","protected":false},"author":1,"featured_media":0,"parent":0,"menu_order":0,"comment_status":"closed","ping_status":"closed","template":"","meta":{"footnotes":""},"class_list":["post-59","page","type-page","status-publish","hentry"],"_links":{"self":[{"href":"https:\/\/arnold-kommunikation.de\/en\/wp-json\/wp\/v2\/pages\/59","targetHints":{"allow":["GET"]}}],"collection":[{"href":"https:\/\/arnold-kommunikation.de\/en\/wp-json\/wp\/v2\/pages"}],"about":[{"href":"https:\/\/arnold-kommunikation.de\/en\/wp-json\/wp\/v2\/types\/page"}],"author":[{"embeddable":true,"href":"https:\/\/arnold-kommunikation.de\/en\/wp-json\/wp\/v2\/users\/1"}],"replies":[{"embeddable":true,"href":"https:\/\/arnold-kommunikation.de\/en\/wp-json\/wp\/v2\/comments?post=59"}],"version-history":[{"count":57,"href":"https:\/\/arnold-kommunikation.de\/en\/wp-json\/wp\/v2\/pages\/59\/revisions"}],"predecessor-version":[{"id":672,"href":"https:\/\/arnold-kommunikation.de\/en\/wp-json\/wp\/v2\/pages\/59\/revisions\/672"}],"wp:attachment":[{"href":"https:\/\/arnold-kommunikation.de\/en\/wp-json\/wp\/v2\/media?parent=59"}],"curies":[{"name":"wp","href":"https:\/\/api.w.org\/{rel}","templated":true}]}}