{"id":63,"date":"2022-02-14T21:49:15","date_gmt":"2022-02-14T21:49:15","guid":{"rendered":"https:\/\/arnold-kommunikation.de\/?page_id=63"},"modified":"2026-01-19T17:43:45","modified_gmt":"2026-01-19T17:43:45","slug":"angebot","status":"publish","type":"page","link":"https:\/\/arnold-kommunikation.de\/en\/angebot\/","title":{"rendered":"Angebot"},"content":{"rendered":"<p>Making use of professional support in moments when we ourselves no longer know what to do is not a step backwards, but the beginning of positive change!<\/p>\n\n\n\n<p>Das kennen wir aus dem Alltag: stimmt etwas mit unserem Fahrrad oder Auto nicht, bringen wir es in die Werkstatt; gibt es ein kaputtes Rohr in der Wohnung, rufen wir eine*n Handwerker*in an; haben wir gesundheitliche Beschwerden, fragen wir \u00c4rzt*innen um ihren Rat\u2026 fast t\u00e4glich bitten wir andere Menschen darum, uns bei der Bew\u00e4ltigung unserer pers\u00f6nlichen Probleme behilflich zu sein.<br>Aber wenn es mal in unseren pers\u00f6nlichen Beziehungen hakt, die die Grundlage f\u00fcr so vieles Wichtiges bilden, trauen wir uns h\u00e4ufig und lange nicht, uns professionelle Unterst\u00fctzung zu suchen.<\/p>\n\n\n\n<p>Yes, conflicts and personal dilemmas are exhausting. But they should be perceived as an opportunity for change, if necessary even for a new beginning!<\/p>\n\n\n\n<p><strong>Gerne unterst\u00fctze ich Sie dabei, einen Weg aus Ihrem Konflikt oder Ihrem pers\u00f6nlichen Dilemma heraus zu finden. &#8211; Lieber in Person, nat\u00fcrlich aber auch online.<\/strong><\/p>\n\n\n\n<p><br><\/p>\n\n\n\n<p class=\"has-large-font-size\"><strong>MEDIATION<\/strong><\/p>\n\n\n\n<p class=\"has-medium-font-size\"><strong>What is mediation?<\/strong><\/p>\n\n\n\n<p class=\"translation-block\">A <em>mediation<\/em> is a voluntary, out-of-court and constructive process that can help you find lasting and sustainable solutions to your problems and conflicts.<\/p>\n\n\n\n<p>It is a form of alternative conflict resolution in which two or more conflict parties voluntarily try to reach an agreement with the help of a mediator.<\/p>\n\n\n\n<p class=\"translation-block\">A <em>mediator<\/em> is an impartial, neutral and independent person who assists the parties who engage in mediation (the so-called <em>mediands<\/em>) to reach a final settlement on the disputed matter.<\/p>\n\n\n\n<p>While the mediator is responsible for the procedure and its structure, the mediators are responsible for the content and the agreements reached as well as their implementation. <\/p>\n\n\n\n<p><br><\/p>\n\n\n\n<p class=\"has-medium-font-size\"><strong>Why mediation?<\/strong><\/p>\n\n\n\n<p>Eine Mediation f\u00fchrt zu <strong>Handlungsf\u00e4higkeit statt<\/strong> zu <strong>Ohnmacht<\/strong>! <br>Denn in einem Mediationsverfahren bleiben die Konfliktparteien die Handelnden und behalten die Kontrolle \u00fcber ihren Konflikt und die L\u00f6sungen in den eigenen H\u00e4nden.<\/p>\n\n\n\n<p>Im Gegensatz dazu wird in einem gerichtlichen Verfahren der Ausgang des Konflikts in die H\u00e4nde von kostspieligen Rechtsanw\u00e4lt*innen, Gutachter*innen, Richter*innen oder sonstigen Menschen gelegt. Es wird dann eine L\u00f6sung vom Gericht &#8222;von oben herab&#8220; vorgegeben, an die sich die Parteien sodann zu halten haben (und die zur Not auch mit staatlichem Zwang umgesetzt werden kann).<\/p>\n\n\n\n<p class=\"translation-block\">With mediation, <strong>disputes can be dealt with and resolved in their entirety<\/strong>, whereas in court proceedings only specific partial aspects of the conflict become the subject matter. Consequently, it is not uncommon for several court proceedings to be necessary in order to resolve a conflict.<\/p>\n\n\n\n<p>Mediation, on the other hand, leads to solutions that are based on the actual interests and needs of the parties involved.<\/p>\n\n\n\n<p>Vereinbarungen und <strong>L\u00f6sungen<\/strong>, die im Rahmen einer Mediation erarbeiteten werden, kommen nur dann zustande, wenn sie auch von beiden Seiten als <strong>gerecht<\/strong> empfunden werden und alle Beteiligten zustimmen. <br>Dadurch, dass alle Beteiligten die L\u00f6sung f\u00fcr gerecht halten, zeichnen sich Mediationsergebnisse vor allem durch ihr nachhaltiges Anhalten aus.<\/p>\n\n\n\n<p><strong>Mediation spart Geld! <\/strong><br>W\u00e4hrend komplexe Konflikte durch Mediation h\u00e4ufig schon nach einigen wenigen Sitzungen beiglegt sein k\u00f6nnen, erwarten die Konfliktparteien bei einem Gang zum Gericht meist <strong>hohe Kosten f\u00fcr das Gerichtsverfahren<\/strong> an sich, f\u00fcr die Rechtsanw\u00e4lt*innen, m\u00f6glicherweise f\u00fcr Reisekosten (auch der Rechtsanw\u00e4lt*innen), f\u00fcr Sachgutachter*innen, durch Arbeitsausfall,&#8230;<br>Bereits aus finanziellen Gr\u00fcnden spielt auch in Unternehmen eine wertsch\u00e4tzende Kommunikation unter den Mitarbeitenden sowie nach au\u00dfen und das Verfahren der Mediation eine immer gr\u00f6\u00dfere Rolle. &#8211; Denn wertsch\u00e4tzende Kommunikation steigert die Arbeitszufriedenheit und damit auch die Produktivit\u00e4t, die Motivation sowie den Willen Teil des jeweiligen Unternehmens zu sein und zu bleiben.<\/p>\n\n\n\n<p><strong>Mediation spart Zeit und Ressourcen!<\/strong><br>Auch ein Mediationsverfahren ist mit Zeit verbunden. Die Zeit wird aber gut investiert, denn der Konflikt wird hier vollumf\u00e4nglich und im Kern bearbeitet, anstatt &#8211; wie h\u00e4ufig in gerichtlichen Verfahren zu beobachten ist &#8211; nur an der Oberfl\u00e4che zu kratzen und sich auf Teilaspekte zu beschr\u00e4nken. <br>Dadurch f\u00fchren L\u00f6sungen im Rahmen einer Mediation h\u00e4ufig zu nachhaltig anhaltenden L\u00f6sungen von Konflikten, anstatt sich auch in Zukunft immer wieder mit m\u00fchseligen, nicht endend wirkenden Konflikten und Streitigkeiten auseinanderzusetzen. Das spart Zeit und jede Menge Stress!<br>W\u00fcrde man es auf eine \u00e4rztliche Behandlung \u00fcbertragen, k\u00f6nnte man sagen, dass die Mediation versucht, die Krankheit dauerhaft zu heilen, anstatt nur Rezepte zur Symptommilderung zu verschreiben, die man sich immer und immer wieder abholen muss.<br><\/p>\n\n\n\n<p><\/p>\n\n\n\n<p><\/p>\n\n\n\n<p><\/p>\n\n\n\n<p><\/p>\n\n\n\n<p class=\"has-medium-font-size\"><strong><br>When mediation?<\/strong><\/p>\n\n\n\n<p>Mediation is particularly suitable for conflict resolution when the parties at conflict need to either cooperate well with each other or at least get along with each other in the future.<\/p>\n\n\n\n<p>Beispielsweise wird ein getrennt von einander lebendes Paar mit Kindern in Zukunft immer noch gemeinsam Eltern f\u00fcr die Kinder sein und sich &#8211; vor allem f\u00fcr das Wohl der Kinder &#8211; reibungslos mit einander absprechen und koordinieren m\u00fcssen.<\/p>\n\n\n\n<p>And even colleagues who get into a dispute during a project will have to work productively with each other again in the future and rely on each other.<\/p>\n\n\n\n<p class=\"translation-block\">When it comes to the point in time at which mediation is appropriate in a conflict, it can be said: the earlier, the better!<br>It is precisely when a conflict has not yet escalated to a high level that the willingness of those involved to listen to and understand each other is still great. The more the conflict escalates, the more the willingness to listen to and understand each other decreases and the more complicated a mutual approach becomes.<\/p>\n\n\n\n<p><strong>Es w\u00fcrde mich freuen, wenn auch Sie sich auf das Verfahren der Mediation einlassen w\u00fcrden. Gerne unterst\u00fctze ich Sie in der L\u00f6sungsfindung Ihres Konfliktes!<\/strong><\/p>\n\n\n\n<p><br><\/p>\n\n\n\n<p class=\"has-large-font-size\"><strong>EINZELBERATUNG<\/strong><\/p>\n\n\n\n<p>Mit einer Einzelberatung m\u00f6chte ich Sie dazu einladen, \u00fcber Ihre individuellen Herausforderungen und Ziele im Rahmen eines strukturierten Verfahrens zu sprechen. dieses aus unterschiedlichen Blickwinkeln zu betrachten und mit Ihnen herausarbeiten, wie Sie dieses verbessern k\u00f6nnen, um Ihre pers\u00f6nlichen Ziele zu erreichen.<\/p>\n\n\n\n<p>Egal, ob es darum geht, wie Sie wieder ein Gleichgewicht in Ihr Privat- und Berufsleben  etablieren k\u00f6nnen, wie Sie die Kommunikation in Ihrem Team verbessern k\u00f6nnen, wie Sie sich besser in Konfliktsituationen verhalten k\u00f6nnten, wie Sie \u00fcberzeugender mit Ihren Kolleg*innen kommunizieren k\u00f6nnten, oder wie Sie daran arbeiten k\u00f6nnten, sich anders zu pr\u00e4sentieren beziehungsweise anders von anderen wahrgenommen zu werden.<br>Kurz: Lassen Sie uns \u00fcber Ihre pers\u00f6nlichen Ziele sprechen und diese in das Zentrum Ihres Fokus setzen, damit Sie diese erreichen.<\/p>\n\n\n\n<p>Es ist immer hilfreich, sich mit neutralen Menschen au\u00dferhalb Ihres eigenen Kosmos zu unterhalten und auszutauschen, um einen neuen Blick auf Ihre eigene Situation werfen zu k\u00f6nnen und neue Handlungsm\u00f6glichkeiten zu entdecken.<\/p>\n\n\n\n<p><strong>Gerne unterst\u00fctze und begleite ich Sie in Ihren pers\u00f6nlichen Anliegen im Rahmen einer strukturierten  Einzelberatung!<\/strong><\/p>\n\n\n\n<p class=\"has-small-font-size\"><em>For reasons of impartiality, individual consultations are excluded for persons involved in a mediation currently taking place in which I am acting as mediator.<\/em><\/p>\n\n\n\n<p><\/p>\n\n\n\n<p><\/p>","protected":false},"excerpt":{"rendered":"<p>Sich professioneller Unterst\u00fctzung in Momenten zu bedienen, in denen wir selbst nicht mehr weiterwissen, ist kein R\u00fcckschritt, sondern der Anfang von positiver Ver\u00e4nderung! Das kennen wir aus dem Alltag: stimmt &hellip; <\/p>\n<p class=\"link-more\"><a href=\"https:\/\/arnold-kommunikation.de\/en\/angebot\/\" class=\"more-link\">Continue reading<span class=\"screen-reader-text\"> &#8222;Angebot&#8220;<\/span><\/a><\/p>","protected":false},"author":1,"featured_media":0,"parent":0,"menu_order":0,"comment_status":"closed","ping_status":"closed","template":"","meta":{"footnotes":""},"class_list":["post-63","page","type-page","status-publish","hentry"],"_links":{"self":[{"href":"https:\/\/arnold-kommunikation.de\/en\/wp-json\/wp\/v2\/pages\/63","targetHints":{"allow":["GET"]}}],"collection":[{"href":"https:\/\/arnold-kommunikation.de\/en\/wp-json\/wp\/v2\/pages"}],"about":[{"href":"https:\/\/arnold-kommunikation.de\/en\/wp-json\/wp\/v2\/types\/page"}],"author":[{"embeddable":true,"href":"https:\/\/arnold-kommunikation.de\/en\/wp-json\/wp\/v2\/users\/1"}],"replies":[{"embeddable":true,"href":"https:\/\/arnold-kommunikation.de\/en\/wp-json\/wp\/v2\/comments?post=63"}],"version-history":[{"count":33,"href":"https:\/\/arnold-kommunikation.de\/en\/wp-json\/wp\/v2\/pages\/63\/revisions"}],"predecessor-version":[{"id":633,"href":"https:\/\/arnold-kommunikation.de\/en\/wp-json\/wp\/v2\/pages\/63\/revisions\/633"}],"wp:attachment":[{"href":"https:\/\/arnold-kommunikation.de\/en\/wp-json\/wp\/v2\/media?parent=63"}],"curies":[{"name":"wp","href":"https:\/\/api.w.org\/{rel}","templated":true}]}}