{"id":69,"date":"2022-02-14T21:51:47","date_gmt":"2022-02-14T21:51:47","guid":{"rendered":"https:\/\/arnold-kommunikation.de\/?page_id=69"},"modified":"2026-01-19T17:47:37","modified_gmt":"2026-01-19T17:47:37","slug":"kontakt","status":"publish","type":"page","link":"https:\/\/arnold-kommunikation.de\/en\/kontakt\/","title":{"rendered":"Contact"},"content":{"rendered":"\n<p>Haben Sie Interesse an einem unverbindlichen, kostenfreien und vertraulichen Erstgespr\u00e4ch wegen einer m\u00f6glichen Mediation oder einem Einzelberatungsgespr\u00e4ch?  <\/p>\n\n\n\n<p>Dann schreiben Sie mir sehr gerne eine Email an<\/p>\n\n\n\n<p class=\"has-text-align-center\"><strong>mail<strong> [at]<\/strong><\/strong> <strong>arnold-kommunikation.de<\/strong><\/p>\n\n\n\n<p><\/p>\n","protected":false},"excerpt":{"rendered":"<p>Haben Sie Interesse an einem unverbindlichen, kostenfreien und vertraulichen Erstgespr\u00e4ch wegen einer m\u00f6glichen Mediation oder einem Einzelberatungsgespr\u00e4ch? Dann schreiben Sie mir sehr gerne eine Email an mail [at] arnold-kommunikation.de<\/p>\n","protected":false},"author":1,"featured_media":0,"parent":0,"menu_order":0,"comment_status":"closed","ping_status":"closed","template":"","meta":{"footnotes":""},"class_list":["post-69","page","type-page","status-publish","hentry"],"_links":{"self":[{"href":"https:\/\/arnold-kommunikation.de\/en\/wp-json\/wp\/v2\/pages\/69","targetHints":{"allow":["GET"]}}],"collection":[{"href":"https:\/\/arnold-kommunikation.de\/en\/wp-json\/wp\/v2\/pages"}],"about":[{"href":"https:\/\/arnold-kommunikation.de\/en\/wp-json\/wp\/v2\/types\/page"}],"author":[{"embeddable":true,"href":"https:\/\/arnold-kommunikation.de\/en\/wp-json\/wp\/v2\/users\/1"}],"replies":[{"embeddable":true,"href":"https:\/\/arnold-kommunikation.de\/en\/wp-json\/wp\/v2\/comments?post=69"}],"version-history":[{"count":12,"href":"https:\/\/arnold-kommunikation.de\/en\/wp-json\/wp\/v2\/pages\/69\/revisions"}],"predecessor-version":[{"id":637,"href":"https:\/\/arnold-kommunikation.de\/en\/wp-json\/wp\/v2\/pages\/69\/revisions\/637"}],"wp:attachment":[{"href":"https:\/\/arnold-kommunikation.de\/en\/wp-json\/wp\/v2\/media?parent=69"}],"curies":[{"name":"wp","href":"https:\/\/api.w.org\/{rel}","templated":true}]}}