{"id":99,"date":"2022-02-15T19:51:33","date_gmt":"2022-02-15T19:51:33","guid":{"rendered":"https:\/\/arnold-kommunikation.de\/?page_id=99"},"modified":"2023-10-02T15:22:56","modified_gmt":"2023-10-02T15:22:56","slug":"home-2","status":"publish","type":"page","link":"https:\/\/arnold-kommunikation.de\/en\/","title":{"rendered":"Welcome!"},"content":{"rendered":"<p>Are you experiencing a conflict or personal dilemma in your personal or professional life? <br><\/p>\n\n\n\n<p class=\"has-text-align-center\"><strong><strong>As a certified and experienced mediator, I will be happy to support you in finding a sensible solution to your conflict<\/strong>.<\/strong><\/p>\n\n\n\n<p><br><br><\/p>","protected":false},"excerpt":{"rendered":"<p>Befinden Sie sich in einem Konflikt oder einem pers\u00f6nlichen Dilemma in Ihrem privaten oder beruflichen Leben? Als zertifizierter Mediator unterst\u00fctze ich Sie gerne dabei, zu Ihrem pers\u00f6nlichen Anliegen eine konstruktive &hellip; <\/p>\n<p class=\"link-more\"><a href=\"https:\/\/arnold-kommunikation.de\/en\/\" class=\"more-link\">Continue reading<span class=\"screen-reader-text\"> &#8222;Willkommen!&#8220;<\/span><\/a><\/p>","protected":false},"author":1,"featured_media":0,"parent":0,"menu_order":0,"comment_status":"closed","ping_status":"closed","template":"","meta":{"footnotes":""},"class_list":["post-99","page","type-page","status-publish","hentry"],"_links":{"self":[{"href":"https:\/\/arnold-kommunikation.de\/en\/wp-json\/wp\/v2\/pages\/99","targetHints":{"allow":["GET"]}}],"collection":[{"href":"https:\/\/arnold-kommunikation.de\/en\/wp-json\/wp\/v2\/pages"}],"about":[{"href":"https:\/\/arnold-kommunikation.de\/en\/wp-json\/wp\/v2\/types\/page"}],"author":[{"embeddable":true,"href":"https:\/\/arnold-kommunikation.de\/en\/wp-json\/wp\/v2\/users\/1"}],"replies":[{"embeddable":true,"href":"https:\/\/arnold-kommunikation.de\/en\/wp-json\/wp\/v2\/comments?post=99"}],"version-history":[{"count":30,"href":"https:\/\/arnold-kommunikation.de\/en\/wp-json\/wp\/v2\/pages\/99\/revisions"}],"predecessor-version":[{"id":569,"href":"https:\/\/arnold-kommunikation.de\/en\/wp-json\/wp\/v2\/pages\/99\/revisions\/569"}],"wp:attachment":[{"href":"https:\/\/arnold-kommunikation.de\/en\/wp-json\/wp\/v2\/media?parent=99"}],"curies":[{"name":"wp","href":"https:\/\/api.w.org\/{rel}","templated":true}]}}